{"id":10816,"date":"2021-05-06T12:12:45","date_gmt":"2021-05-06T12:12:45","guid":{"rendered":"https:\/\/thehappyhamlet.com\/?page_id=10816"},"modified":"2025-02-11T17:39:11","modified_gmt":"2025-02-11T17:39:11","slug":"manger-en-ville","status":"publish","type":"page","link":"https:\/\/thehappyhamlet.com\/fr\/concierge\/manger-en-ville\/","title":{"rendered":"Manger en Ville"},"content":{"rendered":"\n<hr class=\"wp-block-separator has-text-color has-sun-yellow-color has-css-opacity has-sun-yellow-background-color has-background is-style-wide\" \/>\n\n\n\n<h2 class=\"wp-block-heading has-text-align-center\"><strong>Restaurants<\/strong><\/h2>\n\n\n\n<hr class=\"wp-block-separator has-text-color has-sun-yellow-color has-css-opacity has-sun-yellow-background-color has-background is-style-wide\" \/>\n\n\n\n<p>Si vous pr\u00e9f\u00e9rez manger \u00e0 l\u2019ext\u00e9rieur du Hamlet,  voici <a aria-label=\"une liste (opens in a new tab)\" href=\"https:\/\/www.quercy-sud-ouest.com\/fr\/savourer\/restaurants\" target=\"_blank\" rel=\"noreferrer noopener\" class=\"ek-link\"><span class=\"has-inline-color has-nature-green-color\"><strong><span style=\"text-decoration: underline\"><span style=\"text-decoration: underline\" class=\"ek-underline\">une liste<\/span><\/span><\/strong><\/span><\/a> de ce qui se trouve \u00e0 proximit\u00e9. Nous recommandons vivement le restaurant juste \u00ab\u00a0\u00e0 c\u00f4t\u00e9\u00a0\u00bb &#8211; <a aria-label=\"Au p'tit Moissac (opens in a new tab)\" href=\"https:\/\/www.facebook.com\/auptitmoissac\/\" target=\"_blank\" rel=\"noreferrer noopener\" class=\"ek-link\"><strong><span class=\"has-inline-color has-nature-green-color\"><span style=\"text-decoration: underline\"><span style=\"text-decoration: underline\" class=\"ek-underline\">Au p&rsquo;tit Moissac<\/span><\/span><\/span><\/strong><\/a> ne vous d\u00e9cevra pas (r\u00e9servation obligatoire) !   <\/p>\n\n\n\n<hr class=\"wp-block-separator has-text-color has-sun-yellow-color has-css-opacity has-sun-yellow-background-color has-background is-style-wide\" \/>\n\n\n\n<h2 class=\"wp-block-heading has-text-align-center\">March\u00e9s Gourmands<\/h2>\n\n\n\n<hr class=\"wp-block-separator has-text-color has-sun-yellow-color has-css-opacity has-sun-yellow-background-color has-background is-style-wide\" \/>\n\n\n\n<p>Le concept du \u00ab March\u00e9 Gourmand \u00bb combine l\u2019ensemble des meilleurs \u00e9l\u00e9ments de la culture fran\u00e7aise&nbsp;: une excellente cuisine et du vin \u00e0 d\u00e9guster \u00e0 l\u2019ext\u00e9rieur en bonne compagnie et avec des spectacles culturels.<\/p>\n\n\n\n<p>Il y en a plusieurs organis\u00e9s \u00e0 proximit\u00e9 du Hamlet pendant la saison estivale (g\u00e9n\u00e9ralement en ao\u00fbt, certains commencent d\u00e9j\u00e0 \u00e0 la mi-juillet), par ex. Bourg de Visa, Lauzerte, Montaigu de Quercy et Beauville.<\/p>\n\n\n\n<hr class=\"wp-block-separator has-text-color has-sun-yellow-color has-css-opacity has-sun-yellow-background-color has-background is-style-wide\" \/>\n\n\n\n<h2 class=\"wp-block-heading has-text-align-center\">Vignobles<\/h2>\n\n\n\n<hr class=\"wp-block-separator has-text-color has-sun-yellow-color has-css-opacity has-sun-yellow-background-color has-background is-style-wide\" \/>\n\n\n\n<p>Nous organisons des d\u00e9gustations de vins chez nous \u00e0 Hamlet, mais si vous souhaitez visiter ind\u00e9pendamment les vignobles, voici une petite liste de vignerons que nous pensons que vous aimeriez visiter.<\/p>\n\n\n\n<ul class=\"wp-block-list\">\n<li><a class=\"ek-link ek-link\" href=\"http:\/\/chateau-st-sernin.com\/fr\/\"><span class=\"has-inline-color has-sky-blue-color\"><span style=\"text-decoration: underline\"><span class=\"ek-underline\" style=\"text-decoration: underline\">Ch\u00e2teau Saint Sernin<\/span><\/span><\/span><\/a>&nbsp;(43 km du Hamlet)<\/li>\n\n\n\n<li><a rel=\"noreferrer noopener\" class=\"ek-link\" href=\"https:\/\/chateaueugenie.com\/\" target=\"_blank\"><span class=\"has-inline-color has-sky-blue-color\"><span style=\"text-decoration: underline\"><span class=\"ek-underline\" style=\"text-decoration: underline\">Ch\u00e2teau Eug\u00e9nie<\/span><\/span><\/span>&nbsp;<\/a>(39 km)<\/li>\n\n\n\n<li><a class=\"ek-link\" href=\"https:\/\/chateaudemercues.com\/fr\/\"><span class=\"has-inline-color has-sky-blue-color\"><span style=\"text-decoration: underline\"><span class=\"ek-underline\" style=\"text-decoration: underline\">Ch\u00e2teau de Mercues<\/span><\/span><\/span><\/a>&nbsp;(40 km)<\/li>\n\n\n\n<li><a rel=\"noreferrer noopener\" class=\"ek-link\" href=\"https:\/\/chateaulebrezeguet.fr\/\" target=\"_blank\"><span class=\"has-inline-color has-sky-blue-color\"><span style=\"text-decoration: underline\"><span class=\"ek-underline\" style=\"text-decoration: underline\">Ch\u00e2teau Le Br\u00e9z\u00e9guet<\/span><\/span><\/span><\/a>&nbsp;(34 km)<\/li>\n\n\n\n<li><a class=\"ek-link\" href=\"https:\/\/www.chateauducedre.com\/\"><span class=\"has-inline-color has-sky-blue-color\"><span style=\"text-decoration: underline\"><span class=\"ek-underline\" style=\"text-decoration: underline\">Ch\u00e2teau du Cedre<\/span><\/span><\/span><\/a>&nbsp;\u2013 Vin noir de Cahors (52 km)<\/li>\n<\/ul>\n\n\n\n<p>Vous pouvez \u00e9galement consulter <a class=\"ek-link ek-link\" href=\"https:\/\/thehappyhamlet.com\/wp-content\/uploads\/2020\/11\/vignobles_sud_ouest.png\"><span class=\"has-inline-color has-nature-green-color\"><span style=\"text-decoration: underline\"><span class=\"ek-underline\" style=\"text-decoration: underline\">cette carte<\/span><\/span><\/span> <\/a>pour plus de d\u00e9tails sur les appellations du Sud-Ouest.<\/p>\n\n\n\n<div style=\"height:20px\" aria-hidden=\"true\" class=\"wp-block-spacer\"><\/div>\n\n\n\n<h4 class=\"wp-block-heading\"><em><span class=\"has-inline-color has-nature-green-color\">Nous vous souhaitons un s\u00e9jour agr\u00e9able et en toute s\u00e9curit\u00e9 <em>au Hamlet !<\/em><\/span><\/em><\/h4>\n","protected":false},"excerpt":{"rendered":"Restaurants Si vous pr\u00e9f\u00e9rez manger \u00e0 l\u2019ext\u00e9rieur du Hamlet, voici une liste de ce qui se trouve \u00e0 proximit\u00e9. Nous recommandons vivement le restaurant juste \u00ab\u00a0\u00e0 c\u00f4t\u00e9\u00a0\u00bb &#8211; Au p&rsquo;tit Moissac ne vous d\u00e9cevra pas (r\u00e9servation obligatoire) ! March\u00e9s Gourmands Le concept du \u00ab March\u00e9 Gourmand \u00bb combine l\u2019ensemble des meilleurs \u00e9l\u00e9ments de la culture&#8230; <a class=\"view-article\" href=\"https:\/\/thehappyhamlet.com\/fr\/concierge\/manger-en-ville\/\">View Article<\/a>","protected":false},"author":4,"featured_media":0,"parent":10275,"menu_order":0,"comment_status":"closed","ping_status":"closed","template":"","meta":{"_acf_changed":false,"_editorskit_title_hidden":false,"_editorskit_reading_time":1,"_editorskit_is_block_options_detached":false,"_editorskit_block_options_position":"{}","footnotes":""},"class_list":["post-10816","page","type-page","status-publish","hentry"],"acf":[],"yoast_head":"<!-- This site is optimized with the Yoast SEO plugin v27.4 - https:\/\/yoast.com\/product\/yoast-seo-wordpress\/ -->\n<title>Manger en Ville - The Happy Hamlet<\/title>\n<meta name=\"robots\" content=\"index, follow, max-snippet:-1, max-image-preview:large, max-video-preview:-1\" \/>\n<link rel=\"canonical\" href=\"https:\/\/thehappyhamlet.com\/fr\/concierge\/manger-en-ville\/\" \/>\n<meta property=\"og:locale\" content=\"fr_FR\" \/>\n<meta property=\"og:type\" content=\"article\" \/>\n<meta property=\"og:title\" content=\"Manger en Ville - The Happy Hamlet\" \/>\n<meta property=\"og:description\" content=\"Restaurants Si vous pr\u00e9f\u00e9rez manger \u00e0 l\u2019ext\u00e9rieur du Hamlet, voici une liste de ce qui se trouve \u00e0 proximit\u00e9. Nous recommandons vivement le restaurant juste \u00ab\u00a0\u00e0 c\u00f4t\u00e9\u00a0\u00bb &#8211; Au p&rsquo;tit Moissac ne vous d\u00e9cevra pas (r\u00e9servation obligatoire) ! March\u00e9s Gourmands Le concept du \u00ab March\u00e9 Gourmand \u00bb combine l\u2019ensemble des meilleurs \u00e9l\u00e9ments de la culture... View Article\" \/>\n<meta property=\"og:url\" content=\"https:\/\/thehappyhamlet.com\/fr\/concierge\/manger-en-ville\/\" \/>\n<meta property=\"og:site_name\" content=\"The Happy Hamlet\" \/>\n<meta property=\"article:publisher\" content=\"https:\/\/www.facebook.com\/thehappyhamlet\" \/>\n<meta property=\"article:modified_time\" content=\"2025-02-11T17:39:11+00:00\" \/>\n<meta name=\"twitter:card\" content=\"summary_large_image\" \/>\n<meta name=\"twitter:label1\" content=\"Est. reading time\" \/>\n\t<meta name=\"twitter:data1\" content=\"1 minute\" \/>\n<script type=\"application\/ld+json\" class=\"yoast-schema-graph\">{\"@context\":\"https:\\\/\\\/schema.org\",\"@graph\":[{\"@type\":\"WebPage\",\"@id\":\"https:\\\/\\\/thehappyhamlet.com\\\/fr\\\/concierge\\\/manger-en-ville\\\/\",\"url\":\"https:\\\/\\\/thehappyhamlet.com\\\/fr\\\/concierge\\\/manger-en-ville\\\/\",\"name\":\"Manger en Ville - The Happy Hamlet\",\"isPartOf\":{\"@id\":\"https:\\\/\\\/thehappyhamlet.com\\\/fr\\\/#website\"},\"datePublished\":\"2021-05-06T12:12:45+00:00\",\"dateModified\":\"2025-02-11T17:39:11+00:00\",\"breadcrumb\":{\"@id\":\"https:\\\/\\\/thehappyhamlet.com\\\/fr\\\/concierge\\\/manger-en-ville\\\/#breadcrumb\"},\"inLanguage\":\"fr-FR\",\"potentialAction\":[{\"@type\":\"ReadAction\",\"target\":[\"https:\\\/\\\/thehappyhamlet.com\\\/fr\\\/concierge\\\/manger-en-ville\\\/\"]}]},{\"@type\":\"BreadcrumbList\",\"@id\":\"https:\\\/\\\/thehappyhamlet.com\\\/fr\\\/concierge\\\/manger-en-ville\\\/#breadcrumb\",\"itemListElement\":[{\"@type\":\"ListItem\",\"position\":1,\"name\":\"Home\",\"item\":\"https:\\\/\\\/thehappyhamlet.com\\\/fr\\\/\"},{\"@type\":\"ListItem\",\"position\":2,\"name\":\"Concierge\",\"item\":\"https:\\\/\\\/thehappyhamlet.com\\\/fr\\\/concierge\\\/\"},{\"@type\":\"ListItem\",\"position\":3,\"name\":\"Manger en Ville\"}]},{\"@type\":\"WebSite\",\"@id\":\"https:\\\/\\\/thehappyhamlet.com\\\/fr\\\/#website\",\"url\":\"https:\\\/\\\/thehappyhamlet.com\\\/fr\\\/\",\"name\":\"The Happy Hamlet\",\"description\":\"\",\"publisher\":{\"@id\":\"https:\\\/\\\/thehappyhamlet.com\\\/fr\\\/#organization\"},\"potentialAction\":[{\"@type\":\"SearchAction\",\"target\":{\"@type\":\"EntryPoint\",\"urlTemplate\":\"https:\\\/\\\/thehappyhamlet.com\\\/fr\\\/?s={search_term_string}\"},\"query-input\":{\"@type\":\"PropertyValueSpecification\",\"valueRequired\":true,\"valueName\":\"search_term_string\"}}],\"inLanguage\":\"fr-FR\"},{\"@type\":\"Organization\",\"@id\":\"https:\\\/\\\/thehappyhamlet.com\\\/fr\\\/#organization\",\"name\":\"The Happy Hamlet\",\"url\":\"https:\\\/\\\/thehappyhamlet.com\\\/fr\\\/\",\"logo\":{\"@type\":\"ImageObject\",\"inLanguage\":\"fr-FR\",\"@id\":\"https:\\\/\\\/thehappyhamlet.com\\\/fr\\\/#\\\/schema\\\/logo\\\/image\\\/\",\"url\":\"https:\\\/\\\/thehappyhamlet.com\\\/wp-content\\\/uploads\\\/2020\\\/10\\\/logo.jpg\",\"contentUrl\":\"https:\\\/\\\/thehappyhamlet.com\\\/wp-content\\\/uploads\\\/2020\\\/10\\\/logo.jpg\",\"width\":600,\"height\":600,\"caption\":\"The Happy Hamlet\"},\"image\":{\"@id\":\"https:\\\/\\\/thehappyhamlet.com\\\/fr\\\/#\\\/schema\\\/logo\\\/image\\\/\"},\"sameAs\":[\"https:\\\/\\\/www.facebook.com\\\/thehappyhamlet\",\"https:\\\/\\\/www.instagram.com\\\/thehappyhamlet\\\/\"]}]}<\/script>\n<!-- \/ Yoast SEO plugin. -->","yoast_head_json":{"title":"Manger en Ville - The Happy Hamlet","robots":{"index":"index","follow":"follow","max-snippet":"max-snippet:-1","max-image-preview":"max-image-preview:large","max-video-preview":"max-video-preview:-1"},"canonical":"https:\/\/thehappyhamlet.com\/fr\/concierge\/manger-en-ville\/","og_locale":"fr_FR","og_type":"article","og_title":"Manger en Ville - The Happy Hamlet","og_description":"Restaurants Si vous pr\u00e9f\u00e9rez manger \u00e0 l\u2019ext\u00e9rieur du Hamlet, voici une liste de ce qui se trouve \u00e0 proximit\u00e9. Nous recommandons vivement le restaurant juste \u00ab\u00a0\u00e0 c\u00f4t\u00e9\u00a0\u00bb &#8211; Au p&rsquo;tit Moissac ne vous d\u00e9cevra pas (r\u00e9servation obligatoire) ! March\u00e9s Gourmands Le concept du \u00ab March\u00e9 Gourmand \u00bb combine l\u2019ensemble des meilleurs \u00e9l\u00e9ments de la culture... View Article","og_url":"https:\/\/thehappyhamlet.com\/fr\/concierge\/manger-en-ville\/","og_site_name":"The Happy Hamlet","article_publisher":"https:\/\/www.facebook.com\/thehappyhamlet","article_modified_time":"2025-02-11T17:39:11+00:00","twitter_card":"summary_large_image","twitter_misc":{"Est. reading time":"1 minute"},"schema":{"@context":"https:\/\/schema.org","@graph":[{"@type":"WebPage","@id":"https:\/\/thehappyhamlet.com\/fr\/concierge\/manger-en-ville\/","url":"https:\/\/thehappyhamlet.com\/fr\/concierge\/manger-en-ville\/","name":"Manger en Ville - The Happy Hamlet","isPartOf":{"@id":"https:\/\/thehappyhamlet.com\/fr\/#website"},"datePublished":"2021-05-06T12:12:45+00:00","dateModified":"2025-02-11T17:39:11+00:00","breadcrumb":{"@id":"https:\/\/thehappyhamlet.com\/fr\/concierge\/manger-en-ville\/#breadcrumb"},"inLanguage":"fr-FR","potentialAction":[{"@type":"ReadAction","target":["https:\/\/thehappyhamlet.com\/fr\/concierge\/manger-en-ville\/"]}]},{"@type":"BreadcrumbList","@id":"https:\/\/thehappyhamlet.com\/fr\/concierge\/manger-en-ville\/#breadcrumb","itemListElement":[{"@type":"ListItem","position":1,"name":"Home","item":"https:\/\/thehappyhamlet.com\/fr\/"},{"@type":"ListItem","position":2,"name":"Concierge","item":"https:\/\/thehappyhamlet.com\/fr\/concierge\/"},{"@type":"ListItem","position":3,"name":"Manger en Ville"}]},{"@type":"WebSite","@id":"https:\/\/thehappyhamlet.com\/fr\/#website","url":"https:\/\/thehappyhamlet.com\/fr\/","name":"The Happy Hamlet","description":"","publisher":{"@id":"https:\/\/thehappyhamlet.com\/fr\/#organization"},"potentialAction":[{"@type":"SearchAction","target":{"@type":"EntryPoint","urlTemplate":"https:\/\/thehappyhamlet.com\/fr\/?s={search_term_string}"},"query-input":{"@type":"PropertyValueSpecification","valueRequired":true,"valueName":"search_term_string"}}],"inLanguage":"fr-FR"},{"@type":"Organization","@id":"https:\/\/thehappyhamlet.com\/fr\/#organization","name":"The Happy Hamlet","url":"https:\/\/thehappyhamlet.com\/fr\/","logo":{"@type":"ImageObject","inLanguage":"fr-FR","@id":"https:\/\/thehappyhamlet.com\/fr\/#\/schema\/logo\/image\/","url":"https:\/\/thehappyhamlet.com\/wp-content\/uploads\/2020\/10\/logo.jpg","contentUrl":"https:\/\/thehappyhamlet.com\/wp-content\/uploads\/2020\/10\/logo.jpg","width":600,"height":600,"caption":"The Happy Hamlet"},"image":{"@id":"https:\/\/thehappyhamlet.com\/fr\/#\/schema\/logo\/image\/"},"sameAs":["https:\/\/www.facebook.com\/thehappyhamlet","https:\/\/www.instagram.com\/thehappyhamlet\/"]}]}},"_links":{"self":[{"href":"https:\/\/thehappyhamlet.com\/fr\/wp-json\/wp\/v2\/pages\/10816","targetHints":{"allow":["GET"]}}],"collection":[{"href":"https:\/\/thehappyhamlet.com\/fr\/wp-json\/wp\/v2\/pages"}],"about":[{"href":"https:\/\/thehappyhamlet.com\/fr\/wp-json\/wp\/v2\/types\/page"}],"author":[{"embeddable":true,"href":"https:\/\/thehappyhamlet.com\/fr\/wp-json\/wp\/v2\/users\/4"}],"replies":[{"embeddable":true,"href":"https:\/\/thehappyhamlet.com\/fr\/wp-json\/wp\/v2\/comments?post=10816"}],"version-history":[{"count":10,"href":"https:\/\/thehappyhamlet.com\/fr\/wp-json\/wp\/v2\/pages\/10816\/revisions"}],"predecessor-version":[{"id":19610,"href":"https:\/\/thehappyhamlet.com\/fr\/wp-json\/wp\/v2\/pages\/10816\/revisions\/19610"}],"up":[{"embeddable":true,"href":"https:\/\/thehappyhamlet.com\/fr\/wp-json\/wp\/v2\/pages\/10275"}],"wp:attachment":[{"href":"https:\/\/thehappyhamlet.com\/fr\/wp-json\/wp\/v2\/media?parent=10816"}],"curies":[{"name":"wp","href":"https:\/\/api.w.org\/{rel}","templated":true}]}}